{"id":5287,"date":"2022-03-21T09:53:02","date_gmt":"2022-03-21T12:53:02","guid":{"rendered":"https:\/\/www.alsanner.com\/english\/?page_id=5287"},"modified":"2022-09-17T11:22:26","modified_gmt":"2022-09-17T14:22:26","slug":"localization","status":"publish","type":"page","link":"https:\/\/www.alsanner.com\/english\/localization\/","title":{"rendered":"Localization"},"content":{"rendered":"<p>[vc_row full_width=&#8221;stretch_row_content_no_spaces&#8221; css=&#8221;.vc_custom_1647867667369{margin-top: 0px !important;margin-bottom: 0px !important;}&#8221;][vc_column css=&#8221;.vc_custom_1647867672242{margin-bottom: -5px !important;}&#8221;][vc_raw_html]JTNDaWZyYW1lJTIwc3JjJTNEJTIyaHR0cHMlM0ElMkYlMkZ3d3cuZ29vZ2xlLmNvbSUyRm1hcHMlMkZlbWJlZCUzRnBiJTNEJTIxMW0xOCUyMTFtMTIlMjExbTMlMjExZDM2NTguNjE5NzcwNTYwNjkxJTIxMmQtNDYuNzIwNDc3Nzg1MDIzMTMlMjEzZC0yMy41MTAyMDExODQ3MDgzMDQlMjEybTMlMjExZjAlMjEyZjAlMjEzZjAlMjEzbTIlMjExaTEwMjQlMjEyaTc2OCUyMTRmMTMuMSUyMTNtMyUyMTFtMiUyMTFzMHg5NGNlZjhkMWYxMDUwY2I3JTI1M0EweGMzNDA5MzFlYjQ4NTU4YWIlMjEyc0VzcGFjZSUyNTIwQ2VudGVyJTIxNWUwJTIxM20yJTIxMXNwdC1CUiUyMTJzYnIlMjE0djE2NDc4NjY5NDI3ODElMjE1bTIlMjExc3B0LUJSJTIxMnNiciUyMiUyMHdpZHRoJTNEJTIyMTAwJTI1JTIyJTIwaGVpZ2h0JTNEJTIyNzY1JTIyJTIwc3R5bGUlM0QlMjJib3JkZXIlM0EwJTNCJTIyJTIwYWxsb3dmdWxsc2NyZWVuJTNEJTIyJTIyJTIwbG9hZGluZyUzRCUyMmxhenklMjIlM0UlM0MlMkZpZnJhbWUlM0U=[\/vc_raw_html][\/vc_column][\/vc_row][vc_row full_width=&#8221;stretch_row&#8221; disable_element=&#8221;yes&#8221; css=&#8221;.vc_custom_1647867311673{margin-top: 50px !important;margin-bottom: 50px !important;}&#8221;][vc_column][stm_call_to_action box_color=&#8221;#ffffff&#8221; link=&#8221;url:http%3A%2F%2Falsanner.desenvolvimentodesites.art.br%2Ffale-conosco%2F|title:Fale%20Conosco&#8221;]Convidamos sua empresa a experimentar os benef\u00edcios de ter a <span style=\"color: #c7321b;\">Alsanner Equipamentos Ltda.<\/span> como fornecedora completa em sistemas de movimenta\u00e7\u00e3o de materiais.[\/stm_call_to_action][\/vc_column][\/vc_row]<\/p>\n","protected":false},"excerpt":{"rendered":"<p>[vc_row full_width=&#8221;stretch_row_content_no_spaces&#8221; css=&#8221;.vc_custom_1647867667369{margin-top: 0px !important;margin-bottom: 0px !important;}&#8221;][vc_column css=&#8221;.vc_custom_1647867672242{margin-bottom: -5px !important;}&#8221;][vc_raw_html]JTNDaWZyYW1lJTIwc3JjJTNEJTIyaHR0cHMlM0ElMkYlMkZ3d3cuZ29vZ2xlLmNvbSUyRm1hcHMlMkZlbWJlZCUzRnBiJTNEJTIxMW0xOCUyMTFtMTIlMjExbTMlMjExZDM2NTguNjE5NzcwNTYwNjkxJTIxMmQtNDYuNzIwNDc3Nzg1MDIzMTMlMjEzZC0yMy41MTAyMDExODQ3MDgzMDQlMjEybTMlMjExZjAlMjEyZjAlMjEzZjAlMjEzbTIlMjExaTEwMjQlMjEyaTc2OCUyMTRmMTMuMSUyMTNtMyUyMTFtMiUyMTFzMHg5NGNlZjhkMWYxMDUwY2I3JTI1M0EweGMzNDA5MzFlYjQ4NTU4YWIlMjEyc0VzcGFjZSUyNTIwQ2VudGVyJTIxNWUwJTIxM20yJTIxMXNwdC1CUiUyMTJzYnIlMjE0djE2NDc4NjY5NDI3ODElMjE1bTIlMjExc3B0LUJSJTIxMnNiciUyMiUyMHdpZHRoJTNEJTIyMTAwJTI1JTIyJTIwaGVpZ2h0JTNEJTIyNzY1JTIyJTIwc3R5bGUlM0QlMjJib3JkZXIlM0EwJTNCJTIyJTIwYWxsb3dmdWxsc2NyZWVuJTNEJTIyJTIyJTIwbG9hZGluZyUzRCUyMmxhenklMjIlM0UlM0MlMkZpZnJhbWUlM0U=[\/vc_raw_html][\/vc_column][\/vc_row][vc_row full_width=&#8221;stretch_row&#8221; disable_element=&#8221;yes&#8221; css=&#8221;.vc_custom_1647867311673{margin-top: 50px !important;margin-bottom: 50px !important;}&#8221;][vc_column][stm_call_to_action box_color=&#8221;#ffffff&#8221; link=&#8221;url:http%3A%2F%2Falsanner.desenvolvimentodesites.art.br%2Ffale-conosco%2F|title:Fale%20Conosco&#8221;]Convidamos sua empresa a experimentar os benef\u00edcios de ter a Alsanner Equipamentos Ltda. como fornecedora completa em sistemas de movimenta\u00e7\u00e3o de materiais.[\/stm_call_to_action][\/vc_column][\/vc_row]<\/p>\n","protected":false},"author":3,"featured_media":0,"parent":0,"menu_order":0,"comment_status":"closed","ping_status":"closed","template":"","meta":[],"yoast_head":"<!-- This site is optimized with the Yoast SEO plugin v18.6 - https:\/\/yoast.com\/wordpress\/plugins\/seo\/ -->\n<title>Check out where to find us | Alsanner<\/title>\n<meta name=\"description\" content=\"We distribute throughout Brazil, ergonomic cargo and material handling equipment for all industry segments. Check out where to find us\" \/>\n<meta name=\"robots\" content=\"index, follow, max-snippet:-1, max-image-preview:large, max-video-preview:-1\" \/>\n<link rel=\"canonical\" href=\"https:\/\/www.alsanner.com\/english\/localization\/\" \/>\n<meta property=\"og:locale\" content=\"en_US\" \/>\n<meta property=\"og:type\" content=\"article\" \/>\n<meta property=\"og:title\" content=\"Check out where to find us | Alsanner\" \/>\n<meta property=\"og:description\" content=\"We distribute throughout Brazil, ergonomic cargo and material handling equipment for all industry segments. Check out where to find us\" \/>\n<meta property=\"og:url\" content=\"https:\/\/www.alsanner.com\/english\/localization\/\" \/>\n<meta property=\"og:site_name\" content=\"Alsanner\" \/>\n<meta property=\"article:modified_time\" content=\"2022-09-17T14:22:26+00:00\" \/>\n<meta name=\"twitter:card\" content=\"summary_large_image\" \/>\n<meta name=\"twitter:label1\" content=\"Est. reading time\" \/>\n\t<meta name=\"twitter:data1\" content=\"1 minute\" \/>\n<script type=\"application\/ld+json\" class=\"yoast-schema-graph\">{\"@context\":\"https:\/\/schema.org\",\"@graph\":[{\"@type\":\"WebSite\",\"@id\":\"https:\/\/www.alsanner.com\/english\/#website\",\"url\":\"https:\/\/www.alsanner.com\/english\/\",\"name\":\"Alsanner\",\"description\":\"\",\"potentialAction\":[{\"@type\":\"SearchAction\",\"target\":{\"@type\":\"EntryPoint\",\"urlTemplate\":\"https:\/\/www.alsanner.com\/english\/?s={search_term_string}\"},\"query-input\":\"required name=search_term_string\"}],\"inLanguage\":\"en-US\"},{\"@type\":\"WebPage\",\"@id\":\"https:\/\/www.alsanner.com\/english\/localization\/#webpage\",\"url\":\"https:\/\/www.alsanner.com\/english\/localization\/\",\"name\":\"Check out where to find us | Alsanner\",\"isPartOf\":{\"@id\":\"https:\/\/www.alsanner.com\/english\/#website\"},\"datePublished\":\"2022-03-21T12:53:02+00:00\",\"dateModified\":\"2022-09-17T14:22:26+00:00\",\"description\":\"We distribute throughout Brazil, ergonomic cargo and material handling equipment for all industry segments. Check out where to find us\",\"breadcrumb\":{\"@id\":\"https:\/\/www.alsanner.com\/english\/localization\/#breadcrumb\"},\"inLanguage\":\"en-US\",\"potentialAction\":[{\"@type\":\"ReadAction\",\"target\":[\"https:\/\/www.alsanner.com\/english\/localization\/\"]}]},{\"@type\":\"BreadcrumbList\",\"@id\":\"https:\/\/www.alsanner.com\/english\/localization\/#breadcrumb\",\"itemListElement\":[{\"@type\":\"ListItem\",\"position\":1,\"name\":\"In\u00edcio\",\"item\":\"https:\/\/www.alsanner.com\/english\/\"},{\"@type\":\"ListItem\",\"position\":2,\"name\":\"Localization\"}]}]}<\/script>\n<!-- \/ Yoast SEO plugin. -->","yoast_head_json":{"title":"Check out where to find us | Alsanner","description":"We distribute throughout Brazil, ergonomic cargo and material handling equipment for all industry segments. Check out where to find us","robots":{"index":"index","follow":"follow","max-snippet":"max-snippet:-1","max-image-preview":"max-image-preview:large","max-video-preview":"max-video-preview:-1"},"canonical":"https:\/\/www.alsanner.com\/english\/localization\/","og_locale":"en_US","og_type":"article","og_title":"Check out where to find us | Alsanner","og_description":"We distribute throughout Brazil, ergonomic cargo and material handling equipment for all industry segments. Check out where to find us","og_url":"https:\/\/www.alsanner.com\/english\/localization\/","og_site_name":"Alsanner","article_modified_time":"2022-09-17T14:22:26+00:00","twitter_card":"summary_large_image","twitter_misc":{"Est. reading time":"1 minute"},"schema":{"@context":"https:\/\/schema.org","@graph":[{"@type":"WebSite","@id":"https:\/\/www.alsanner.com\/english\/#website","url":"https:\/\/www.alsanner.com\/english\/","name":"Alsanner","description":"","potentialAction":[{"@type":"SearchAction","target":{"@type":"EntryPoint","urlTemplate":"https:\/\/www.alsanner.com\/english\/?s={search_term_string}"},"query-input":"required name=search_term_string"}],"inLanguage":"en-US"},{"@type":"WebPage","@id":"https:\/\/www.alsanner.com\/english\/localization\/#webpage","url":"https:\/\/www.alsanner.com\/english\/localization\/","name":"Check out where to find us | Alsanner","isPartOf":{"@id":"https:\/\/www.alsanner.com\/english\/#website"},"datePublished":"2022-03-21T12:53:02+00:00","dateModified":"2022-09-17T14:22:26+00:00","description":"We distribute throughout Brazil, ergonomic cargo and material handling equipment for all industry segments. Check out where to find us","breadcrumb":{"@id":"https:\/\/www.alsanner.com\/english\/localization\/#breadcrumb"},"inLanguage":"en-US","potentialAction":[{"@type":"ReadAction","target":["https:\/\/www.alsanner.com\/english\/localization\/"]}]},{"@type":"BreadcrumbList","@id":"https:\/\/www.alsanner.com\/english\/localization\/#breadcrumb","itemListElement":[{"@type":"ListItem","position":1,"name":"In\u00edcio","item":"https:\/\/www.alsanner.com\/english\/"},{"@type":"ListItem","position":2,"name":"Localization"}]}]}},"_links":{"self":[{"href":"https:\/\/www.alsanner.com\/english\/wp-json\/wp\/v2\/pages\/5287"}],"collection":[{"href":"https:\/\/www.alsanner.com\/english\/wp-json\/wp\/v2\/pages"}],"about":[{"href":"https:\/\/www.alsanner.com\/english\/wp-json\/wp\/v2\/types\/page"}],"author":[{"embeddable":true,"href":"https:\/\/www.alsanner.com\/english\/wp-json\/wp\/v2\/users\/3"}],"replies":[{"embeddable":true,"href":"https:\/\/www.alsanner.com\/english\/wp-json\/wp\/v2\/comments?post=5287"}],"version-history":[{"count":11,"href":"https:\/\/www.alsanner.com\/english\/wp-json\/wp\/v2\/pages\/5287\/revisions"}],"predecessor-version":[{"id":6760,"href":"https:\/\/www.alsanner.com\/english\/wp-json\/wp\/v2\/pages\/5287\/revisions\/6760"}],"wp:attachment":[{"href":"https:\/\/www.alsanner.com\/english\/wp-json\/wp\/v2\/media?parent=5287"}],"curies":[{"name":"wp","href":"https:\/\/api.w.org\/{rel}","templated":true}]}}